{"id":171,"date":"2023-05-02T02:21:16","date_gmt":"2023-05-02T02:21:16","guid":{"rendered":"https:\/\/fupserpr.org\/?page_id=171"},"modified":"2023-05-09T13:29:47","modified_gmt":"2023-05-09T13:29:47","slug":"programas-y-auspiciadores","status":"publish","type":"page","link":"https:\/\/fupserpr.org\/?page_id=171","title":{"rendered":"Programas y Auspiciadores"},"content":{"rendered":"\n<h3 class=\"wp-block-heading\">Programas<\/h3>\n\n\n\n<p>Los siguientes son programas implementados o auspiciados por FUPSER:<\/p>\n\n\n\n<ul class=\"wp-block-list\">\n<li>Cocina comunitaria: distribuci\u00f3n de alimentos preparados a adultos y comunidades en necesidad<\/li>\n\n\n\n<li>Distribuci\u00f3n de productos agr\u00edcolas a adultos encamados<\/li>\n\n\n\n<li>Tutorias academicas<\/li>\n\n\n\n<li>Apoyo psicol\u00f3gico y terapias individuales, familiares y para personas abusadas<\/li>\n\n\n\n<li>Alfabetizaci\u00f3n en inform\u00e1tica para j\u00f3venes y adultos<\/li>\n\n\n\n<li>Talleres de arte: musica, arte dram\u00e1tico y baile<\/li>\n\n\n\n<li>Deportes: baloncesto, voleibol y zumba<\/li>\n\n\n\n<li>Defensa personal<\/li>\n\n\n\n<li>Club de Radioaficionados<\/li>\n\n\n\n<li>Ni\u00f1as Escuchas<\/li>\n\n\n\n<li>Liga Atletica Policiaca<\/li>\n\n\n\n<li>Policia Comunitaria<\/li>\n\n\n\n<li>Reconstrucci\u00f3n de hogares<\/li>\n\n\n\n<li>Distribuci\u00f3n de equipos m\u00e9dicos, materiales m\u00e9dicos y de aseo personal<\/li>\n\n\n\n<li>Centro de respuestas a desastres: huracanes Irma, Maria, Fiona y terremotos (distribuci\u00f3n de alimentos, agua, materiales de construcci\u00f3n y reconstrucci\u00f3n de viviendas)<\/li>\n\n\n\n<li>Visitas a ni\u00f1os en hospitales<\/li>\n<\/ul>\n\n\n\n<p><\/p>\n\n\n\n<div aria-label=\"Carousel Gallery\" class=\"wp-block-coblocks-gallery-carousel\"><div class=\"coblocks-gallery-carousel-swiper-container is-cropped coblocks-gallery has-no-alignment has-caption-style-dark has-horizontal-gutter has-no-thumbnails\"><div class=\"has-carousel has-carousel-lrg swiper-container\" data-swiper=\"{&quot;alignCells&quot;:false,&quot;autoPlay&quot;:false,&quot;autoPlaySpeed&quot;:3000,&quot;draggable&quot;:true,&quot;freeMode&quot;:false,&quot;loop&quot;:false,&quot;navigation&quot;:true,&quot;pageDots&quot;:false,&quot;pauseHover&quot;:false,&quot;responsiveHeight&quot;:false,&quot;slidesPerView&quot;:2,&quot;thumbnails&quot;:false,&quot;uuid&quot;:&quot;12345&quot;}\" style=\"height:400px\"><div class=\"swiper-wrapper\"><div class=\"swiper-slide\"><div class=\"coblocks-gallery--item\" role=\"button\" tabindex=\"0\"><figure class=\"coblocks-gallery--figure has-margin-left-5 has-margin-left-mobile-5 has-margin-right-5 has-margin-right-mobile-5\"><img loading=\"lazy\" decoding=\"async\" width=\"768\" height=\"1024\" alt=\"\" class=\"wp-image-176\" data-id=\"176\" data-link=\"https:\/\/fupserpr.org\/?attachment_id=176\" src=\"https:\/\/fupserpr.org\/wp-content\/uploads\/2023\/05\/Almuerzo-4-768x1024.jpg\" srcset=\"https:\/\/fupserpr.org\/wp-content\/uploads\/2023\/05\/Almuerzo-4-768x1024.jpg 768w, https:\/\/fupserpr.org\/wp-content\/uploads\/2023\/05\/Almuerzo-4-225x300.jpg 225w, https:\/\/fupserpr.org\/wp-content\/uploads\/2023\/05\/Almuerzo-4-1152x1536.jpg 1152w, https:\/\/fupserpr.org\/wp-content\/uploads\/2023\/05\/Almuerzo-4-1536x2048.jpg 1536w, https:\/\/fupserpr.org\/wp-content\/uploads\/2023\/05\/Almuerzo-4-scaled.jpg 1920w\" sizes=\"auto, (max-width: 768px) 100vw, 768px\" \/><\/figure><figcaption class=\"coblocks-gallery--caption coblocks-gallery--primary-caption\"><\/figcaption><\/div><\/div><div class=\"swiper-slide\"><div class=\"coblocks-gallery--item\" role=\"button\" tabindex=\"1\"><figure class=\"coblocks-gallery--figure has-margin-left-5 has-margin-left-mobile-5 has-margin-right-5 has-margin-right-mobile-5\"><img loading=\"lazy\" decoding=\"async\" width=\"768\" height=\"1024\" alt=\"\" class=\"wp-image-177\" data-id=\"177\" data-link=\"https:\/\/fupserpr.org\/?attachment_id=177\" src=\"https:\/\/fupserpr.org\/wp-content\/uploads\/2023\/05\/Feria-4-768x1024.jpg\" srcset=\"https:\/\/fupserpr.org\/wp-content\/uploads\/2023\/05\/Feria-4-768x1024.jpg 768w, https:\/\/fupserpr.org\/wp-content\/uploads\/2023\/05\/Feria-4-225x300.jpg 225w, https:\/\/fupserpr.org\/wp-content\/uploads\/2023\/05\/Feria-4-1152x1536.jpg 1152w, https:\/\/fupserpr.org\/wp-content\/uploads\/2023\/05\/Feria-4-1536x2048.jpg 1536w, https:\/\/fupserpr.org\/wp-content\/uploads\/2023\/05\/Feria-4-scaled.jpg 1920w\" sizes=\"auto, (max-width: 768px) 100vw, 768px\" \/><\/figure><figcaption class=\"coblocks-gallery--caption coblocks-gallery--primary-caption\"><\/figcaption><\/div><\/div><div class=\"swiper-slide\"><div class=\"coblocks-gallery--item\" role=\"button\" tabindex=\"2\"><figure class=\"coblocks-gallery--figure has-margin-left-5 has-margin-left-mobile-5 has-margin-right-5 has-margin-right-mobile-5\"><img loading=\"lazy\" decoding=\"async\" width=\"1024\" height=\"768\" alt=\"\" class=\"wp-image-178\" data-id=\"178\" data-link=\"https:\/\/fupserpr.org\/?attachment_id=178\" src=\"https:\/\/fupserpr.org\/wp-content\/uploads\/2023\/05\/Hospital-2-1024x768.jpg\" srcset=\"https:\/\/fupserpr.org\/wp-content\/uploads\/2023\/05\/Hospital-2-1024x768.jpg 1024w, https:\/\/fupserpr.org\/wp-content\/uploads\/2023\/05\/Hospital-2-300x225.jpg 300w, https:\/\/fupserpr.org\/wp-content\/uploads\/2023\/05\/Hospital-2-768x576.jpg 768w, https:\/\/fupserpr.org\/wp-content\/uploads\/2023\/05\/Hospital-2-1536x1152.jpg 1536w, https:\/\/fupserpr.org\/wp-content\/uploads\/2023\/05\/Hospital-2.jpg 1600w\" sizes=\"auto, (max-width: 1024px) 100vw, 1024px\" \/><\/figure><figcaption class=\"coblocks-gallery--caption coblocks-gallery--primary-caption\"><\/figcaption><\/div><\/div><div class=\"swiper-slide\"><div class=\"coblocks-gallery--item\" role=\"button\" tabindex=\"3\"><figure class=\"coblocks-gallery--figure has-margin-left-5 has-margin-left-mobile-5 has-margin-right-5 has-margin-right-mobile-5\"><img loading=\"lazy\" decoding=\"async\" width=\"768\" height=\"1024\" alt=\"\" class=\"wp-image-179\" data-id=\"179\" data-link=\"https:\/\/fupserpr.org\/?attachment_id=179\" src=\"https:\/\/fupserpr.org\/wp-content\/uploads\/2023\/05\/Limani-3-768x1024.jpg\" srcset=\"https:\/\/fupserpr.org\/wp-content\/uploads\/2023\/05\/Limani-3-768x1024.jpg 768w, https:\/\/fupserpr.org\/wp-content\/uploads\/2023\/05\/Limani-3-225x300.jpg 225w, https:\/\/fupserpr.org\/wp-content\/uploads\/2023\/05\/Limani-3-1152x1536.jpg 1152w, https:\/\/fupserpr.org\/wp-content\/uploads\/2023\/05\/Limani-3-1536x2048.jpg 1536w, https:\/\/fupserpr.org\/wp-content\/uploads\/2023\/05\/Limani-3-scaled.jpg 1920w\" sizes=\"auto, (max-width: 768px) 100vw, 768px\" \/><\/figure><figcaption class=\"coblocks-gallery--caption coblocks-gallery--primary-caption\"><\/figcaption><\/div><\/div><div class=\"swiper-slide\"><div class=\"coblocks-gallery--item\" role=\"button\" tabindex=\"4\"><figure class=\"coblocks-gallery--figure has-margin-left-5 has-margin-left-mobile-5 has-margin-right-5 has-margin-right-mobile-5\"><img loading=\"lazy\" decoding=\"async\" width=\"768\" height=\"1024\" alt=\"\" class=\"wp-image-181\" data-id=\"181\" data-link=\"https:\/\/fupserpr.org\/?attachment_id=181\" src=\"https:\/\/fupserpr.org\/wp-content\/uploads\/2023\/05\/Camion-1-768x1024.jpg\" srcset=\"https:\/\/fupserpr.org\/wp-content\/uploads\/2023\/05\/Camion-1-768x1024.jpg 768w, https:\/\/fupserpr.org\/wp-content\/uploads\/2023\/05\/Camion-1-225x300.jpg 225w, https:\/\/fupserpr.org\/wp-content\/uploads\/2023\/05\/Camion-1-1152x1536.jpg 1152w, https:\/\/fupserpr.org\/wp-content\/uploads\/2023\/05\/Camion-1-1536x2048.jpg 1536w, https:\/\/fupserpr.org\/wp-content\/uploads\/2023\/05\/Camion-1-scaled.jpg 1920w\" sizes=\"auto, (max-width: 768px) 100vw, 768px\" \/><\/figure><figcaption class=\"coblocks-gallery--caption coblocks-gallery--primary-caption\"><\/figcaption><\/div><\/div><\/div><button class=\"nav-button__prev\" id=\"12345-prev\"><svg class=\"icon\" style=\"transform:rotate(180deg)\"><\/svg><\/button><button class=\"nav-button__next\" id=\"12345-next\"><svg class=\"icon\"><\/svg><\/button><\/div><\/div><\/div>\n\n\n\n<p><\/p>\n\n\n\n<h3 class=\"wp-block-heading\">Auspiciadores<\/h3>\n\n\n\n<ul class=\"wp-block-list\">\n<li>Municipio Autonomo de Manati<\/li>\n\n\n\n<li>Puerto Rico x Puerto Rico<\/li>\n\n\n\n<li>FEMA<\/li>\n\n\n\n<li>US Department of Agriculture<\/li>\n\n\n\n<li>Foundation for Puerto Rico<\/li>\n\n\n\n<li>Brother to Brother Foundation<\/li>\n\n\n\n<li>DMV Foundation<\/li>\n\n\n\n<li>Para La Naturaleza<\/li>\n\n\n\n<li>Ford Motor Company<\/li>\n\n\n\n<li>Arthur Daniel Midland Foundation<\/li>\n\n\n\n<li>Fundacion Carvajal<\/li>\n\n\n\n<li>Supermercados Econo<\/li>\n\n\n\n<li>Fundacion Econo<\/li>\n\n\n\n<li>Ferreteria M. Otero<\/li>\n\n\n\n<li>Save the Children Foundation<\/li>\n\n\n\n<li>American Red Cross<\/li>\n\n\n\n<li>Departamento de Educaci\u00f3n de Puerto Rico<\/li>\n\n\n\n<li>Parroquia Nuestra Se\u00f1ora del Mar<\/li>\n\n\n\n<li>Parroquia Nuestra Se\u00f1ora de la Candelaria<\/li>\n<\/ul>\n\n\n\n<p><\/p>\n\n\n\n<p><\/p>\n\n\n\n<p><\/p>\n","protected":false},"excerpt":{"rendered":"<p>Programas Los siguientes son programas implementados o auspiciados por FUPSER: Auspiciadores<\/p>\n","protected":false},"author":1,"featured_media":0,"parent":0,"menu_order":0,"comment_status":"closed","ping_status":"closed","template":"","meta":{"_coblocks_attr":"","_coblocks_dimensions":"","_coblocks_responsive_height":"","_coblocks_accordion_ie_support":"","hide_page_title":"","footnotes":""},"class_list":["post-171","page","type-page","status-publish","hentry"],"_links":{"self":[{"href":"https:\/\/fupserpr.org\/index.php?rest_route=\/wp\/v2\/pages\/171","targetHints":{"allow":["GET"]}}],"collection":[{"href":"https:\/\/fupserpr.org\/index.php?rest_route=\/wp\/v2\/pages"}],"about":[{"href":"https:\/\/fupserpr.org\/index.php?rest_route=\/wp\/v2\/types\/page"}],"author":[{"embeddable":true,"href":"https:\/\/fupserpr.org\/index.php?rest_route=\/wp\/v2\/users\/1"}],"replies":[{"embeddable":true,"href":"https:\/\/fupserpr.org\/index.php?rest_route=%2Fwp%2Fv2%2Fcomments&post=171"}],"version-history":[{"count":12,"href":"https:\/\/fupserpr.org\/index.php?rest_route=\/wp\/v2\/pages\/171\/revisions"}],"predecessor-version":[{"id":204,"href":"https:\/\/fupserpr.org\/index.php?rest_route=\/wp\/v2\/pages\/171\/revisions\/204"}],"wp:attachment":[{"href":"https:\/\/fupserpr.org\/index.php?rest_route=%2Fwp%2Fv2%2Fmedia&parent=171"}],"curies":[{"name":"wp","href":"https:\/\/api.w.org\/{rel}","templated":true}]}}