{"id":155,"date":"2023-05-01T19:34:04","date_gmt":"2023-05-01T19:34:04","guid":{"rendered":"https:\/\/fupserpr.org\/?page_id=155"},"modified":"2023-05-02T03:16:47","modified_gmt":"2023-05-02T03:16:47","slug":"about","status":"publish","type":"page","link":"https:\/\/fupserpr.org\/?page_id=155","title":{"rendered":"Sobre Nosotros"},"content":{"rendered":"\n<h2 class=\"has-text-align-center wp-block-heading\">Informacion general sobre FUPSER<\/h2>\n\n\n\n<div class=\"wp-block-group alignfull\"><div class=\"wp-block-group__inner-container is-layout-constrained wp-block-group-is-layout-constrained\">\n<div aria-label=\"Carousel Gallery\" class=\"wp-block-coblocks-gallery-carousel alignfull\"><div class=\"coblocks-gallery-carousel-swiper-container is-cropped coblocks-gallery has-border-radius-2 has-caption-style-dark has-horizontal-gutter has-lightbox has-no-thumbnails\"><div class=\"has-carousel has-carousel-med swiper-container\" data-swiper=\"{&quot;alignCells&quot;:false,&quot;autoPlay&quot;:true,&quot;autoPlaySpeed&quot;:3000,&quot;draggable&quot;:true,&quot;freeMode&quot;:false,&quot;loop&quot;:true,&quot;navigation&quot;:true,&quot;pageDots&quot;:false,&quot;pauseHover&quot;:false,&quot;responsiveHeight&quot;:false,&quot;slidesPerView&quot;:4,&quot;thumbnails&quot;:false,&quot;uuid&quot;:&quot;12345&quot;}\" style=\"height:500px\"><div class=\"swiper-wrapper\"><div class=\"swiper-slide\"><div class=\"coblocks-gallery--item\" role=\"button\" tabindex=\"0\"><figure class=\"coblocks-gallery--figure has-margin-left-5 has-margin-left-mobile-5 has-margin-right-5 has-margin-right-mobile-5\"><img loading=\"lazy\" decoding=\"async\" width=\"768\" height=\"1024\" alt=\"\" class=\"wp-image-80\" data-id=\"80\" data-link=\"https:\/\/fupserpr.org\/?attachment_id=80\" src=\"https:\/\/fupserpr.org\/wp-content\/uploads\/2023\/05\/IMG_2855-768x1024.jpg\" srcset=\"https:\/\/fupserpr.org\/wp-content\/uploads\/2023\/05\/IMG_2855-768x1024.jpg 768w, https:\/\/fupserpr.org\/wp-content\/uploads\/2023\/05\/IMG_2855-225x300.jpg 225w, https:\/\/fupserpr.org\/wp-content\/uploads\/2023\/05\/IMG_2855-1152x1536.jpg 1152w, https:\/\/fupserpr.org\/wp-content\/uploads\/2023\/05\/IMG_2855-1536x2048.jpg 1536w, https:\/\/fupserpr.org\/wp-content\/uploads\/2023\/05\/IMG_2855-scaled.jpg 1920w\" sizes=\"auto, (max-width: 768px) 100vw, 768px\" \/><\/figure><figcaption class=\"coblocks-gallery--caption coblocks-gallery--primary-caption\"><\/figcaption><\/div><\/div><div class=\"swiper-slide\"><div class=\"coblocks-gallery--item\" role=\"button\" tabindex=\"1\"><figure class=\"coblocks-gallery--figure has-margin-left-5 has-margin-left-mobile-5 has-margin-right-5 has-margin-right-mobile-5\"><img loading=\"lazy\" decoding=\"async\" width=\"768\" height=\"1024\" alt=\"\" class=\"wp-image-79\" data-id=\"79\" data-link=\"https:\/\/fupserpr.org\/?attachment_id=79\" src=\"https:\/\/fupserpr.org\/wp-content\/uploads\/2023\/05\/IMG_2253-768x1024.jpg\" srcset=\"https:\/\/fupserpr.org\/wp-content\/uploads\/2023\/05\/IMG_2253-768x1024.jpg 768w, https:\/\/fupserpr.org\/wp-content\/uploads\/2023\/05\/IMG_2253-225x300.jpg 225w, https:\/\/fupserpr.org\/wp-content\/uploads\/2023\/05\/IMG_2253-1152x1536.jpg 1152w, https:\/\/fupserpr.org\/wp-content\/uploads\/2023\/05\/IMG_2253-1536x2048.jpg 1536w, https:\/\/fupserpr.org\/wp-content\/uploads\/2023\/05\/IMG_2253-scaled.jpg 1920w\" sizes=\"auto, (max-width: 768px) 100vw, 768px\" \/><\/figure><figcaption class=\"coblocks-gallery--caption coblocks-gallery--primary-caption\"><\/figcaption><\/div><\/div><div class=\"swiper-slide\"><div class=\"coblocks-gallery--item\" role=\"button\" tabindex=\"2\"><figure class=\"coblocks-gallery--figure has-margin-left-5 has-margin-left-mobile-5 has-margin-right-5 has-margin-right-mobile-5\"><img loading=\"lazy\" decoding=\"async\" width=\"768\" height=\"1024\" alt=\"\" class=\"wp-image-78\" data-id=\"78\" data-link=\"https:\/\/fupserpr.org\/?attachment_id=78\" src=\"https:\/\/fupserpr.org\/wp-content\/uploads\/2023\/05\/f6a31413-ee5c-4227-80b2-8bffd98ff87f-768x1024.jpg\" srcset=\"https:\/\/fupserpr.org\/wp-content\/uploads\/2023\/05\/f6a31413-ee5c-4227-80b2-8bffd98ff87f-768x1024.jpg 768w, https:\/\/fupserpr.org\/wp-content\/uploads\/2023\/05\/f6a31413-ee5c-4227-80b2-8bffd98ff87f-225x300.jpg 225w, https:\/\/fupserpr.org\/wp-content\/uploads\/2023\/05\/f6a31413-ee5c-4227-80b2-8bffd98ff87f-1152x1536.jpg 1152w, https:\/\/fupserpr.org\/wp-content\/uploads\/2023\/05\/f6a31413-ee5c-4227-80b2-8bffd98ff87f.jpg 1200w\" sizes=\"auto, (max-width: 768px) 100vw, 768px\" \/><\/figure><figcaption class=\"coblocks-gallery--caption coblocks-gallery--primary-caption\"><\/figcaption><\/div><\/div><div class=\"swiper-slide\"><div class=\"coblocks-gallery--item\" role=\"button\" tabindex=\"3\"><figure class=\"coblocks-gallery--figure has-margin-left-5 has-margin-left-mobile-5 has-margin-right-5 has-margin-right-mobile-5\"><img loading=\"lazy\" decoding=\"async\" width=\"578\" height=\"1024\" alt=\"\" class=\"wp-image-77\" data-id=\"77\" data-link=\"https:\/\/fupserpr.org\/?attachment_id=77\" src=\"https:\/\/fupserpr.org\/wp-content\/uploads\/2023\/05\/bc218158-b91e-4251-bbd4-591125df6d0a-578x1024.jpg\" srcset=\"https:\/\/fupserpr.org\/wp-content\/uploads\/2023\/05\/bc218158-b91e-4251-bbd4-591125df6d0a-578x1024.jpg 578w, https:\/\/fupserpr.org\/wp-content\/uploads\/2023\/05\/bc218158-b91e-4251-bbd4-591125df6d0a-169x300.jpg 169w, https:\/\/fupserpr.org\/wp-content\/uploads\/2023\/05\/bc218158-b91e-4251-bbd4-591125df6d0a.jpg 722w\" sizes=\"auto, (max-width: 578px) 100vw, 578px\" \/><\/figure><figcaption class=\"coblocks-gallery--caption coblocks-gallery--primary-caption\"><\/figcaption><\/div><\/div><div class=\"swiper-slide\"><div class=\"coblocks-gallery--item\" role=\"button\" tabindex=\"4\"><figure class=\"coblocks-gallery--figure has-margin-left-5 has-margin-left-mobile-5 has-margin-right-5 has-margin-right-mobile-5\"><img loading=\"lazy\" decoding=\"async\" width=\"1024\" height=\"497\" alt=\"\" class=\"wp-image-76\" data-id=\"76\" data-link=\"https:\/\/fupserpr.org\/?attachment_id=76\" src=\"https:\/\/fupserpr.org\/wp-content\/uploads\/2023\/05\/06a24584-97ad-4614-8cb0-54478e1e109c-1024x497.jpg\" srcset=\"https:\/\/fupserpr.org\/wp-content\/uploads\/2023\/05\/06a24584-97ad-4614-8cb0-54478e1e109c-1024x497.jpg 1024w, https:\/\/fupserpr.org\/wp-content\/uploads\/2023\/05\/06a24584-97ad-4614-8cb0-54478e1e109c-300x146.jpg 300w, https:\/\/fupserpr.org\/wp-content\/uploads\/2023\/05\/06a24584-97ad-4614-8cb0-54478e1e109c-768x373.jpg 768w, https:\/\/fupserpr.org\/wp-content\/uploads\/2023\/05\/06a24584-97ad-4614-8cb0-54478e1e109c-1536x746.jpg 1536w, https:\/\/fupserpr.org\/wp-content\/uploads\/2023\/05\/06a24584-97ad-4614-8cb0-54478e1e109c.jpg 1600w\" sizes=\"auto, (max-width: 1024px) 100vw, 1024px\" \/><\/figure><figcaption class=\"coblocks-gallery--caption coblocks-gallery--primary-caption\"><\/figcaption><\/div><\/div><div class=\"swiper-slide\"><div class=\"coblocks-gallery--item\" role=\"button\" tabindex=\"5\"><figure class=\"coblocks-gallery--figure has-margin-left-5 has-margin-left-mobile-5 has-margin-right-5 has-margin-right-mobile-5\"><img loading=\"lazy\" decoding=\"async\" width=\"720\" height=\"960\" alt=\"\" class=\"wp-image-75\" data-id=\"75\" data-link=\"https:\/\/fupserpr.org\/?attachment_id=75\" src=\"https:\/\/fupserpr.org\/wp-content\/uploads\/2023\/05\/Materiales-bajando-andadores.jpg\" srcset=\"https:\/\/fupserpr.org\/wp-content\/uploads\/2023\/05\/Materiales-bajando-andadores.jpg 720w, https:\/\/fupserpr.org\/wp-content\/uploads\/2023\/05\/Materiales-bajando-andadores-225x300.jpg 225w\" sizes=\"auto, (max-width: 720px) 100vw, 720px\" \/><\/figure><figcaption class=\"coblocks-gallery--caption coblocks-gallery--primary-caption\"><\/figcaption><\/div><\/div><div class=\"swiper-slide\"><div class=\"coblocks-gallery--item\" role=\"button\" tabindex=\"6\"><figure class=\"coblocks-gallery--figure has-margin-left-5 has-margin-left-mobile-5 has-margin-right-5 has-margin-right-mobile-5\"><img loading=\"lazy\" decoding=\"async\" width=\"720\" height=\"960\" alt=\"\" class=\"wp-image-74\" data-id=\"74\" data-link=\"https:\/\/fupserpr.org\/?attachment_id=74\" src=\"https:\/\/fupserpr.org\/wp-content\/uploads\/2023\/05\/Guanica-3.jpg\" srcset=\"https:\/\/fupserpr.org\/wp-content\/uploads\/2023\/05\/Guanica-3.jpg 720w, https:\/\/fupserpr.org\/wp-content\/uploads\/2023\/05\/Guanica-3-225x300.jpg 225w\" sizes=\"auto, (max-width: 720px) 100vw, 720px\" \/><\/figure><figcaption class=\"coblocks-gallery--caption coblocks-gallery--primary-caption\"><\/figcaption><\/div><\/div><div class=\"swiper-slide\"><div class=\"coblocks-gallery--item\" role=\"button\" tabindex=\"7\"><figure class=\"coblocks-gallery--figure has-margin-left-5 has-margin-left-mobile-5 has-margin-right-5 has-margin-right-mobile-5\"><img loading=\"lazy\" decoding=\"async\" width=\"720\" height=\"960\" alt=\"\" class=\"wp-image-73\" data-id=\"73\" data-link=\"https:\/\/fupserpr.org\/?attachment_id=73\" src=\"https:\/\/fupserpr.org\/wp-content\/uploads\/2023\/05\/abner-1.jpg\" srcset=\"https:\/\/fupserpr.org\/wp-content\/uploads\/2023\/05\/abner-1.jpg 720w, https:\/\/fupserpr.org\/wp-content\/uploads\/2023\/05\/abner-1-225x300.jpg 225w\" sizes=\"auto, (max-width: 720px) 100vw, 720px\" \/><\/figure><figcaption class=\"coblocks-gallery--caption coblocks-gallery--primary-caption\"><\/figcaption><\/div><\/div><div class=\"swiper-slide\"><div class=\"coblocks-gallery--item\" role=\"button\" tabindex=\"8\"><figure class=\"coblocks-gallery--figure has-margin-left-5 has-margin-left-mobile-5 has-margin-right-5 has-margin-right-mobile-5\"><img loading=\"lazy\" decoding=\"async\" width=\"768\" height=\"1024\" alt=\"\" class=\"wp-image-121\" data-id=\"121\" data-link=\"https:\/\/fupserpr.org\/?attachment_id=121\" src=\"https:\/\/fupserpr.org\/wp-content\/uploads\/2023\/05\/IMG_3255-768x1024.jpg\" srcset=\"https:\/\/fupserpr.org\/wp-content\/uploads\/2023\/05\/IMG_3255-768x1024.jpg 768w, https:\/\/fupserpr.org\/wp-content\/uploads\/2023\/05\/IMG_3255-225x300.jpg 225w, https:\/\/fupserpr.org\/wp-content\/uploads\/2023\/05\/IMG_3255-1152x1536.jpg 1152w, https:\/\/fupserpr.org\/wp-content\/uploads\/2023\/05\/IMG_3255-1536x2048.jpg 1536w, https:\/\/fupserpr.org\/wp-content\/uploads\/2023\/05\/IMG_3255-scaled.jpg 1920w\" sizes=\"auto, (max-width: 768px) 100vw, 768px\" \/><\/figure><figcaption class=\"coblocks-gallery--caption coblocks-gallery--primary-caption\"><\/figcaption><\/div><\/div><div class=\"swiper-slide\"><div class=\"coblocks-gallery--item\" role=\"button\" tabindex=\"9\"><figure class=\"coblocks-gallery--figure has-margin-left-5 has-margin-left-mobile-5 has-margin-right-5 has-margin-right-mobile-5\"><img loading=\"lazy\" decoding=\"async\" width=\"768\" height=\"1024\" alt=\"\" class=\"wp-image-120\" data-id=\"120\" data-link=\"https:\/\/fupserpr.org\/?attachment_id=120\" src=\"https:\/\/fupserpr.org\/wp-content\/uploads\/2023\/05\/IMG_2932-768x1024.jpg\" srcset=\"https:\/\/fupserpr.org\/wp-content\/uploads\/2023\/05\/IMG_2932-768x1024.jpg 768w, https:\/\/fupserpr.org\/wp-content\/uploads\/2023\/05\/IMG_2932-225x300.jpg 225w, https:\/\/fupserpr.org\/wp-content\/uploads\/2023\/05\/IMG_2932-1152x1536.jpg 1152w, https:\/\/fupserpr.org\/wp-content\/uploads\/2023\/05\/IMG_2932-1536x2048.jpg 1536w, https:\/\/fupserpr.org\/wp-content\/uploads\/2023\/05\/IMG_2932-scaled.jpg 1920w\" sizes=\"auto, (max-width: 768px) 100vw, 768px\" \/><\/figure><figcaption class=\"coblocks-gallery--caption coblocks-gallery--primary-caption\"><\/figcaption><\/div><\/div><div class=\"swiper-slide\"><div class=\"coblocks-gallery--item\" role=\"button\" tabindex=\"10\"><figure class=\"coblocks-gallery--figure has-margin-left-5 has-margin-left-mobile-5 has-margin-right-5 has-margin-right-mobile-5\"><img loading=\"lazy\" decoding=\"async\" width=\"768\" height=\"1024\" alt=\"\" class=\"wp-image-119\" data-id=\"119\" data-link=\"https:\/\/fupserpr.org\/?attachment_id=119\" src=\"https:\/\/fupserpr.org\/wp-content\/uploads\/2023\/05\/IMG_3128-768x1024.jpg\" srcset=\"https:\/\/fupserpr.org\/wp-content\/uploads\/2023\/05\/IMG_3128-768x1024.jpg 768w, https:\/\/fupserpr.org\/wp-content\/uploads\/2023\/05\/IMG_3128-225x300.jpg 225w, https:\/\/fupserpr.org\/wp-content\/uploads\/2023\/05\/IMG_3128-1152x1536.jpg 1152w, https:\/\/fupserpr.org\/wp-content\/uploads\/2023\/05\/IMG_3128-1536x2048.jpg 1536w, https:\/\/fupserpr.org\/wp-content\/uploads\/2023\/05\/IMG_3128-scaled.jpg 1920w\" sizes=\"auto, (max-width: 768px) 100vw, 768px\" \/><\/figure><figcaption class=\"coblocks-gallery--caption coblocks-gallery--primary-caption\"><\/figcaption><\/div><\/div><div class=\"swiper-slide\"><div class=\"coblocks-gallery--item\" role=\"button\" tabindex=\"11\"><figure class=\"coblocks-gallery--figure has-margin-left-5 has-margin-left-mobile-5 has-margin-right-5 has-margin-right-mobile-5\"><img loading=\"lazy\" decoding=\"async\" width=\"768\" height=\"1024\" alt=\"\" class=\"wp-image-168\" data-id=\"168\" data-link=\"https:\/\/fupserpr.org\/?attachment_id=168\" src=\"https:\/\/fupserpr.org\/wp-content\/uploads\/2023\/05\/CDT-2-768x1024.jpg\" srcset=\"https:\/\/fupserpr.org\/wp-content\/uploads\/2023\/05\/CDT-2-768x1024.jpg 768w, https:\/\/fupserpr.org\/wp-content\/uploads\/2023\/05\/CDT-2-225x300.jpg 225w, https:\/\/fupserpr.org\/wp-content\/uploads\/2023\/05\/CDT-2-1152x1536.jpg 1152w, https:\/\/fupserpr.org\/wp-content\/uploads\/2023\/05\/CDT-2-1536x2048.jpg 1536w, https:\/\/fupserpr.org\/wp-content\/uploads\/2023\/05\/CDT-2-scaled.jpg 1920w\" sizes=\"auto, (max-width: 768px) 100vw, 768px\" \/><\/figure><figcaption class=\"coblocks-gallery--caption coblocks-gallery--primary-caption\"><\/figcaption><\/div><\/div><\/div><button class=\"nav-button__prev\" id=\"12345-prev\"><svg class=\"icon\" style=\"transform:rotate(180deg)\"><\/svg><\/button><button class=\"nav-button__next\" id=\"12345-next\"><svg class=\"icon\"><\/svg><\/button><\/div><\/div><\/div>\n\n\n\n<p><strong>Nuestra visi\u00f3n<\/strong><br>Establecer programas educativos de diversa \u00edndole donde los ciudadanos adquieran conocimientos y habilidades que los lleven a mejorar sus propios recursos, capacidad productiva, capacidad intelectual y calidad como ser humano.<br><strong>Nuestra misi\u00f3n<\/strong><br>Ofrecer un espacio donde se promuevan iniciativas que permitan el desarrollo econ\u00f3mico, educativo, personal y social de todos los miembros de la comunidad. Adem\u00e1s, promover la autogesti\u00f3n, mediante la oferta de servicios a los comuneros, para que se eduquen en valores y habilidades que les permitan ser sujetos autosuficientes, que con su gesti\u00f3n puedan alcanzar su proyecto de vida.<\/p>\n\n\n\n<p><strong>Nuestra Junta de Directores<\/strong><\/p>\n\n\n\n<p>Padre Carlos E. Granados Penagos &#8211; Presidente, Co-Fundador<\/p>\n\n\n\n<p>Carmen Gonzalez &#8211; Vice Presidenta<\/p>\n\n\n\n<p>Dr. Leonardo Torres Pagan &#8211; Tesorero<\/p>\n\n\n\n<p>Jose Radames Fuentes &#8211; Secretario<\/p>\n\n\n\n<p>Ramon Rosario<\/p>\n\n\n\n<p>Rafael Ondina<\/p>\n\n\n\n<p>Zeimy Gomez<\/p>\n\n\n\n<p>Freddie Vazquez &#8211; Asesor<\/p>\n\n\n\n<p>John Villamil Casanova &#8211; Pasado Presidente, Co-Fundador<\/p>\n\n\n\n<p><strong>Equipo Administrativo<\/strong><\/p>\n\n\n\n<p>Dra. Leilani V\u00e1zquez &#8211; Directora Ejecutiva<\/p>\n\n\n\n<p>Freddie V\u00e1zquez Montes &#8211; Director de Finanzas<\/p>\n\n\n\n<p>Monica Perez &#8211; Trabajo Social<\/p>\n\n\n\n<p>Olga Miranda &#8211; Coordinadora de Actividades<\/p>\n\n\n\n<p>Janet Carrion &#8211; Administradora de Oficina<\/p>\n\n\n\n<p>Angel Miranda &#8211; Supervisor de Mantenimiento<\/p>\n\n\n\n<p>Orlando Marrero &#8211; Coordinador de Logistica<\/p>\n<\/div><\/div>\n\n\n\n<p><\/p>\n\n\n\n<figure class=\"wp-block-gallery alignwide has-nested-images columns-default is-cropped wp-block-gallery-1 is-layout-flex wp-block-gallery-is-layout-flex\"><\/figure>\n\n\n\n<div class=\"wp-block-columns alignwide is-layout-flex wp-container-core-columns-is-layout-9d6595d7 wp-block-columns-is-layout-flex\"><\/div>\n","protected":false},"excerpt":{"rendered":"<p>Informacion general sobre FUPSER Nuestra visi\u00f3nEstablecer programas educativos de diversa \u00edndole donde los ciudadanos adquieran conocimientos y habilidades que los lleven a mejorar sus propios recursos, capacidad productiva, capacidad intelectual y calidad como ser humano.Nuestra misi\u00f3nOfrecer un espacio donde se promuevan iniciativas que permitan el desarrollo econ\u00f3mico, educativo, personal y social de todos los miembros [&hellip;]<\/p>\n","protected":false},"author":1,"featured_media":0,"parent":0,"menu_order":0,"comment_status":"closed","ping_status":"closed","template":"","meta":{"_coblocks_attr":"","_coblocks_dimensions":"","_coblocks_responsive_height":"","_coblocks_accordion_ie_support":"","hide_page_title":"","footnotes":""},"class_list":["post-155","page","type-page","status-publish","hentry"],"_links":{"self":[{"href":"https:\/\/fupserpr.org\/index.php?rest_route=\/wp\/v2\/pages\/155","targetHints":{"allow":["GET"]}}],"collection":[{"href":"https:\/\/fupserpr.org\/index.php?rest_route=\/wp\/v2\/pages"}],"about":[{"href":"https:\/\/fupserpr.org\/index.php?rest_route=\/wp\/v2\/types\/page"}],"author":[{"embeddable":true,"href":"https:\/\/fupserpr.org\/index.php?rest_route=\/wp\/v2\/users\/1"}],"replies":[{"embeddable":true,"href":"https:\/\/fupserpr.org\/index.php?rest_route=%2Fwp%2Fv2%2Fcomments&post=155"}],"version-history":[{"count":7,"href":"https:\/\/fupserpr.org\/index.php?rest_route=\/wp\/v2\/pages\/155\/revisions"}],"predecessor-version":[{"id":198,"href":"https:\/\/fupserpr.org\/index.php?rest_route=\/wp\/v2\/pages\/155\/revisions\/198"}],"wp:attachment":[{"href":"https:\/\/fupserpr.org\/index.php?rest_route=%2Fwp%2Fv2%2Fmedia&parent=155"}],"curies":[{"name":"wp","href":"https:\/\/api.w.org\/{rel}","templated":true}]}}